{"id":18,"date":"2017-09-06T10:52:33","date_gmt":"2017-09-06T08:52:33","guid":{"rendered":"http:\/\/intermusicproject.eu\/?page_id=18"},"modified":"2019-10-12T15:26:30","modified_gmt":"2019-10-12T13:26:30","slug":"contatti","status":"publish","type":"page","link":"http:\/\/intermusicproject.eu\/index.php\/contatti\/","title":{"rendered":"Contact"},"content":{"rendered":"<p style=\"text-align: justify;\"><a href=\"mailto:info@intermusicproject.eu\"><img decoding=\"async\" loading=\"lazy\" class=\"alignnone wp-image-489\" src=\"http:\/\/intermusicproject.eu\/wp-content\/uploads\/2017\/12\/cropped-LOGO-INTERMUSIC-300x141.jpg\" alt=\"\" width=\"179\" height=\"84\" srcset=\"http:\/\/intermusicproject.eu\/wp-content\/uploads\/2017\/12\/cropped-LOGO-INTERMUSIC-300x141.jpg 300w, http:\/\/intermusicproject.eu\/wp-content\/uploads\/2017\/12\/cropped-LOGO-INTERMUSIC.jpg 531w\" sizes=\"(max-width: 179px) 100vw, 179px\" \/><\/a><\/p>\n<p style=\"text-align: justify;\"><strong style=\"font-size: 1rem;\">PROJECT COORDINATOR: <\/strong><span style=\"font-size: 1rem;\"><a href=\"mailto:giovanni.cospito@consmilano.it\">Giovanni Cospito<\/a>, Professor of e_Music, CONSMI<\/span><\/p>\n<p style=\"text-align: justify;\"><strong><span style=\"font-size: 12pt;\">PROJECT <\/span><\/strong><strong><span style=\"font-size: 12pt;\">ADMINISTRATION\u00a0 MANAGER:\u00a0 <\/span><\/strong><span style=\"font-size: 12pt;\"><a href=\"mailto:roberto.dethierry@consmilano.it\">Roberto de Thierry<\/a>, International Relations Coord., CONSMI<\/span><\/p>\n<p><strong>PROJECT MANAGEMENT GROUP<\/strong><\/p>\n<ul>\n<li style=\"text-align: justify;\"><span style=\"font-size: 12pt;\">Marianne Jakobsen, Director of International Affairs,\u00a0 RDAM<\/span><\/li>\n<li style=\"text-align: justify;\"><span style=\"font-size: 12pt;\">Rima Rim\u0161ait\u0117,\u00a0 Head of International Relations Office, LMTA<\/span><\/li>\n<li style=\"text-align: justify;\">Sara Primiterra, AEC<\/li>\n<li>Anna Fellegara, CONSMI<\/li>\n<\/ul>\n<p style=\"text-align: justify;\"><strong>ADVISORY BOARD<\/strong><\/p>\n<ul>\n<li style=\"text-align: justify;\"><a href=\"mailto:carol.johnson@unimelb.edu.au\">Dr. Carol Johnson<\/a>, Ass. Professor, Melbourne Conservatoire of Music<\/li>\n<li style=\"text-align: justify;\"><a href=\"mailto:gualtiero.volpe@unige.it\">Gualtiero Volpe<\/a>, Ass. Professor, University of Genova<\/li>\n<li style=\"text-align: justify;\"><a href=\"mailto:stefangies@aec-music.eu\">Prof. Stefan Gies<\/a>, AEC Chief Executive<\/li>\n<\/ul>\n<p style=\"text-align: justify;\"><strong>WORKING GROUPS<\/strong><\/p>\n<p style=\"text-align: justify;\"><strong>Output 1 . Development of Music Distance Learning Platform<\/strong><\/p>\n<ul style=\"text-align: justify;\">\n<li><em>Coordinator<\/em>: <a href=\"mailto:mantautas.krukauskas@lmta.lt\">Mantautas Krukauskas<\/a>, Head of Music Innovation Studies Centre, LMTA<\/li>\n<li>Virginijus Baublinskas, Head of Audiovisual and Information Technologies, LMTA<\/li>\n<li>Vytenis Gadliauskas, Tonmeister, LMTA<\/li>\n<li>Roberto Becerra, developer, teacher, administrator, LMTA<\/li>\n<li><span style=\"font-size: 1rem;\">Giovanni Cospito, Professor of e_Music, CONSMI<\/span><\/li>\n<li><span style=\"font-size: 1rem;\"> Filippo Berbenni, Technician, CONSMI<\/span><\/li>\n<li><span style=\"font-size: 1rem;\">Augusto Sarti (Assoc. Professor and Manager of Musical Acoustics Lab and of Sound and Music Computing Lab, POLIMI<\/span><\/li>\n<li><span style=\"font-size: 1rem;\">Luca Comanducci, Researcher, POLIMI<\/span><\/li>\n<\/ul>\n<p><strong>Output 2.\u00a0 INTERMUSIC: ideas, tools and plugins for an e-learning platform dedicated to music.<\/strong><\/p>\n<ul>\n<li><em>Coordinator<\/em>: <a href=\"mailto:augusto.sarti@polimi.it\">Augusto Sarti<\/a>, Assoc. Professor and Manager of Musical Acoustics Lab and of Sound and Music Computing Lab, POLIMI<\/li>\n<li>Luca Comanducci, Researcher, POLIMI<\/li>\n<li><span style=\"font-size: 1rem;\">Enrico Pietrocola, Technician, CONSMI<\/span><\/li>\n<li>Roberto Becerra, developer, teacher, administrator, LMTA<\/li>\n<li><span style=\"font-size: 1rem;\">Jesper Andersen. Technician, Ass. Professor E-music, RDAM<\/span><\/li>\n<\/ul>\n<p><strong>Output 3. Research Report on Musical Interaction in Live Performance and Training, both in the presence or at a distance<\/strong><\/p>\n<ul>\n<li>Coordinator: <span style=\"font-size: 1rem;\"><a href=\"mailto:giovanni.cospito@consmilano.it\">Giovanni Cospito<\/a>, Professor of e_Music, CONSMI<\/span><\/li>\n<li>Augusto Sarti, Assoc. Professor and Manager of Musical Acoustics Lab and of Sound and Music Computing Lab, POLIMI<\/li>\n<li>Luca Comanducci, Researcher, POLIMI<\/li>\n<li>Enrico Pietrocola, Technician, CONSMI<\/li>\n<li><span style=\"font-size: 1rem;\">Filippo Berbenni, Technician, CONSMI<\/span><\/li>\n<li>Stefano delle Monache, Professor e_Music Dept., CONSMI<\/li>\n<li>Roberto Becerra, developer, teacher, administrator, LMTA<\/li>\n<li>Jesper Andersen. Technician, Ass. Professor E-music, RDAM<\/li>\n<\/ul>\n<p><strong>Output 4.\u00a0 Developing digital skills in music: creating guides and online courses for teachers and administrators.<\/strong><\/p>\n<ul>\n<li><em>Coordinator<\/em>: <a href=\"mailto:mantautas.krukauskas@lmta.lt\">Mantautas Krukauskas<\/a>, Head of Music Innovation Studies Centre, LMTA<\/li>\n<li>Roberto Becerra, developer, teacher, administrator, LMTA<\/li>\n<\/ul>\n<p style=\"text-align: justify;\"><strong>Output 5. Blended pilot course: &#8220;Musical Theory and Composition&#8221;<\/strong><\/p>\n<p>(Musical Theory)<\/p>\n<ul style=\"text-align: justify;\">\n<li>\u00a0<em>Coordinator<\/em>: <a href=\"mailto:emilio.piffaretti@consmilano.it\">Emilio Piffaretti<\/a> Professor of Theory, Rhythm and Ear training, CONSMI<\/li>\n<li><span style=\"font-size: 1rem;\">Martin Lohse, <\/span><span style=\"font-size: 1rem;\">Ass. Prof. OF Music Theory, RDAM<\/span><\/li>\n<li>Audra Versek\u0117nait\u0117, Professor of Music Theory, LMTA<\/li>\n<\/ul>\n<p>(Composition)<\/p>\n<ul style=\"text-align: justify;\">\n<li><em>Coordinator<\/em>: <a href=\"mailto:paolo.rimoldi@consmilano.it\">Paolo Rimoldi<\/a>, Professor of Composition, CONSMI<\/li>\n<li>Tuan Hao Tan,\u00a0 Assistant Prof. of Composition, RDAM<\/li>\n<li>Jonas Jurk\u016bnas, Professor of\u00a0 Composition, LMTA<\/li>\n<\/ul>\n<p style=\"text-align: justify;\"><strong>Output 6. Blended Pilot Course: &#8220;Practise of online Chamber Music&#8221;<\/strong><\/p>\n<ul style=\"text-align: justify;\">\n<li><em>Coordinator<\/em>: <a href=\"mailto:massimo.cottica@consmilano.it\">Massimo Cottica<\/a>,\u00a0 Chamber music Teacher<em>, <\/em>CONSMI<\/li>\n<li>Giovanni Cospito,\u00a0 Electronic Music Teacher<em>, <\/em>CONSMI<\/li>\n<li>Indr\u0117 Baik\u0161tyt\u0117, Chamber music Assoc. Prof<em>, <\/em>LMTA<\/li>\n<li>Saulius Lip\u010dius, Chamber music Teacher<em>, <\/em>LMTA<\/li>\n<li>Jesper Andersen. Technician, Ass. Professor E-music, RDAM<\/li>\n<\/ul>\n<p style=\"text-align: justify;\"><strong>Output\u00a0 7. Blended Pilot Course: &#8221; Mastering Vocal Literature in Foreign Languages&#8221;<\/strong><\/p>\n<ul style=\"text-align: justify;\">\n<li><span style=\"font-size: 1rem;\"><em>Coordinator<\/em>: <a href=\"mailto:christen.teglbjaerg@dkdm.dk\">Christen Stubbe Teglbj\u00e6rg<\/a>,\u00a0 Researcher, Pianist, Vocal Coach, Ass. Prof. , RDAM<\/span><\/li>\n<li>Eva Hess Thaysen (EHT), Ass. Professor of Voice, Head of Vocal Studies, RDAM<\/li>\n<li>Stelia Doz,\u00a0 Professor of\u00a0 Vocal Chamber Music, CONSMI<\/li>\n<li>Algirdas Janutas , Researcher, Professor Vocal Dept., LMTA<\/li>\n<\/ul>\n","protected":false},"excerpt":{"rendered":"<p>PROJECT COORDINATOR: Giovanni Cospito, Professor of e_Music, CONSMI PROJECT ADMINISTRATION\u00a0 MANAGER:\u00a0 Roberto de Thierry, International Relations Coord., CONSMI PROJECT MANAGEMENT GROUP Marianne Jakobsen, Director of International Affairs,\u00a0 RDAM Rima Rim\u0161ait\u0117,\u00a0 Head of International Relations Office, LMTA Sara Primiterra, AEC Anna Fellegara, CONSMI ADVISORY BOARD Dr. Carol Johnson, Ass. Professor, Melbourne Conservatoire of Music Gualtiero Volpe, &hellip; <\/p>\n<p class=\"link-more\"><a href=\"http:\/\/intermusicproject.eu\/index.php\/contatti\/\" class=\"more-link\">Continue reading<span class=\"screen-reader-text\"> &#8220;Contact&#8221;<\/span><\/a><\/p>\n","protected":false},"author":1,"featured_media":0,"parent":0,"menu_order":0,"comment_status":"closed","ping_status":"closed","template":"","meta":[],"_links":{"self":[{"href":"http:\/\/intermusicproject.eu\/index.php\/wp-json\/wp\/v2\/pages\/18"}],"collection":[{"href":"http:\/\/intermusicproject.eu\/index.php\/wp-json\/wp\/v2\/pages"}],"about":[{"href":"http:\/\/intermusicproject.eu\/index.php\/wp-json\/wp\/v2\/types\/page"}],"author":[{"embeddable":true,"href":"http:\/\/intermusicproject.eu\/index.php\/wp-json\/wp\/v2\/users\/1"}],"replies":[{"embeddable":true,"href":"http:\/\/intermusicproject.eu\/index.php\/wp-json\/wp\/v2\/comments?post=18"}],"version-history":[{"count":29,"href":"http:\/\/intermusicproject.eu\/index.php\/wp-json\/wp\/v2\/pages\/18\/revisions"}],"predecessor-version":[{"id":1208,"href":"http:\/\/intermusicproject.eu\/index.php\/wp-json\/wp\/v2\/pages\/18\/revisions\/1208"}],"wp:attachment":[{"href":"http:\/\/intermusicproject.eu\/index.php\/wp-json\/wp\/v2\/media?parent=18"}],"curies":[{"name":"wp","href":"https:\/\/api.w.org\/{rel}","templated":true}]}}